{"id":3518,"date":"2025-03-01T21:02:19","date_gmt":"2025-03-01T20:02:19","guid":{"rendered":"https:\/\/evofitness.at\/memberships\/"},"modified":"2025-07-09T10:42:11","modified_gmt":"2025-07-09T08:42:11","slug":"mitgliedschaften","status":"publish","type":"page","link":"https:\/\/evofitness.at\/de\/mitgliedschaften\/","title":{"rendered":"Mitgliedschaften"},"content":{"rendered":"","protected":false},"excerpt":{"rendered":"","protected":false},"author":1,"featured_media":0,"parent":0,"menu_order":0,"comment_status":"closed","ping_status":"closed","template":"","meta":{"_acf_changed":false,"_seopress_robots_primary_cat":"","_seopress_titles_title":"EVO Mitgliedschaften | EVO Fitness","_seopress_titles_desc":"W\u00e4hle die EVO Mitgliedschaft, die zu deinem Lebensstil passt. Genie\u00dfe volle Flexibilit\u00e4t ohne Bindung oder entscheide dich f\u00fcr einen 12-montige Mitgliedschaft.","_seopress_robots_index":"","footnotes":""},"hf_cat_page":[1596],"class_list":["post-3518","page","type-page","status-publish","hentry"],"acf":[],"_links":{"self":[{"href":"https:\/\/evofitness.at\/de\/wp-json\/wp\/v2\/pages\/3518","targetHints":{"allow":["GET"]}}],"collection":[{"href":"https:\/\/evofitness.at\/de\/wp-json\/wp\/v2\/pages"}],"about":[{"href":"https:\/\/evofitness.at\/de\/wp-json\/wp\/v2\/types\/page"}],"author":[{"embeddable":true,"href":"https:\/\/evofitness.at\/de\/wp-json\/wp\/v2\/users\/1"}],"replies":[{"embeddable":true,"href":"https:\/\/evofitness.at\/de\/wp-json\/wp\/v2\/comments?post=3518"}],"version-history":[{"count":7,"href":"https:\/\/evofitness.at\/de\/wp-json\/wp\/v2\/pages\/3518\/revisions"}],"predecessor-version":[{"id":55543,"href":"https:\/\/evofitness.at\/de\/wp-json\/wp\/v2\/pages\/3518\/revisions\/55543"}],"wp:attachment":[{"href":"https:\/\/evofitness.at\/de\/wp-json\/wp\/v2\/media?parent=3518"}],"wp:term":[{"taxonomy":"hf_cat_page","embeddable":true,"href":"https:\/\/evofitness.at\/de\/wp-json\/wp\/v2\/hf_cat_page?post=3518"}],"curies":[{"name":"wp","href":"https:\/\/api.w.org\/{rel}","templated":true}]}}