{"id":3532,"date":"2023-03-27T16:58:58","date_gmt":"2023-03-27T14:58:58","guid":{"rendered":"https:\/\/evofitness.at\/sample-page\/"},"modified":"2026-04-02T13:55:49","modified_gmt":"2026-04-02T11:55:49","slug":"sample-page","status":"publish","type":"page","link":"https:\/\/evofitness.at\/de\/","title":{"rendered":"Homepage"},"content":{"rendered":"","protected":false},"excerpt":{"rendered":"","protected":false},"author":1,"featured_media":0,"parent":0,"menu_order":0,"comment_status":"closed","ping_status":"closed","template":"","meta":{"_acf_changed":false,"_seopress_robots_primary_cat":"","_seopress_titles_title":"Dein Boutique Fitness Club in Wien | EVO Fitness","_seopress_titles_desc":"EVO Fitness vereint Fitness und elegantes Boutique Design in 7 Clubs in Wien \u2013 mit modernsten Ger\u00e4ten, einer einladenden Atmosph\u00e4re und Vertr\u00e4gen ohne Bindung.","_seopress_robots_index":"","footnotes":""},"class_list":["post-3532","page","type-page","status-publish","hentry"],"acf":[],"_links":{"self":[{"href":"https:\/\/evofitness.at\/de\/wp-json\/wp\/v2\/pages\/3532","targetHints":{"allow":["GET"]}}],"collection":[{"href":"https:\/\/evofitness.at\/de\/wp-json\/wp\/v2\/pages"}],"about":[{"href":"https:\/\/evofitness.at\/de\/wp-json\/wp\/v2\/types\/page"}],"author":[{"embeddable":true,"href":"https:\/\/evofitness.at\/de\/wp-json\/wp\/v2\/users\/1"}],"replies":[{"embeddable":true,"href":"https:\/\/evofitness.at\/de\/wp-json\/wp\/v2\/comments?post=3532"}],"version-history":[{"count":26,"href":"https:\/\/evofitness.at\/de\/wp-json\/wp\/v2\/pages\/3532\/revisions"}],"predecessor-version":[{"id":57548,"href":"https:\/\/evofitness.at\/de\/wp-json\/wp\/v2\/pages\/3532\/revisions\/57548"}],"wp:attachment":[{"href":"https:\/\/evofitness.at\/de\/wp-json\/wp\/v2\/media?parent=3532"}],"curies":[{"name":"wp","href":"https:\/\/api.w.org\/{rel}","templated":true}]}}