{"id":3544,"date":"2025-04-15T04:03:09","date_gmt":"2025-04-15T02:03:09","guid":{"rendered":"https:\/\/evofitness.at\/induction-classes\/"},"modified":"2025-10-15T12:42:59","modified_gmt":"2025-10-15T10:42:59","slug":"einfuhrungsstunden","status":"publish","type":"page","link":"https:\/\/evofitness.at\/de\/einfuhrungsstunden\/","title":{"rendered":"Einf\u00fchrungsstunden"},"content":{"rendered":"","protected":false},"excerpt":{"rendered":"","protected":false},"author":1,"featured_media":0,"parent":0,"menu_order":0,"comment_status":"closed","ping_status":"closed","template":"","meta":{"_acf_changed":false,"_seopress_robots_primary_cat":"","_seopress_titles_title":"Einf\u00fchrungsstunden f\u00fcr neue Mitglieder | EVO Fitness","_seopress_titles_desc":"Neue EVO Mitglieder sind zu einer kostenlosen Einf\u00fchrungsstunde eingeladen, um ihren Zugangschip zu erhalten, den Club zu besichtigen und mehr \u00fcber EVO zu lernen.","_seopress_robots_index":"","footnotes":""},"class_list":["post-3544","page","type-page","status-publish","hentry"],"acf":[],"_links":{"self":[{"href":"https:\/\/evofitness.at\/de\/wp-json\/wp\/v2\/pages\/3544","targetHints":{"allow":["GET"]}}],"collection":[{"href":"https:\/\/evofitness.at\/de\/wp-json\/wp\/v2\/pages"}],"about":[{"href":"https:\/\/evofitness.at\/de\/wp-json\/wp\/v2\/types\/page"}],"author":[{"embeddable":true,"href":"https:\/\/evofitness.at\/de\/wp-json\/wp\/v2\/users\/1"}],"replies":[{"embeddable":true,"href":"https:\/\/evofitness.at\/de\/wp-json\/wp\/v2\/comments?post=3544"}],"version-history":[{"count":6,"href":"https:\/\/evofitness.at\/de\/wp-json\/wp\/v2\/pages\/3544\/revisions"}],"predecessor-version":[{"id":55304,"href":"https:\/\/evofitness.at\/de\/wp-json\/wp\/v2\/pages\/3544\/revisions\/55304"}],"wp:attachment":[{"href":"https:\/\/evofitness.at\/de\/wp-json\/wp\/v2\/media?parent=3544"}],"curies":[{"name":"wp","href":"https:\/\/api.w.org\/{rel}","templated":true}]}}