{"id":4244,"date":"2025-04-27T06:34:50","date_gmt":"2025-04-27T04:34:50","guid":{"rendered":"https:\/\/evofitness.at\/expired-offer\/"},"modified":"2025-11-28T19:08:36","modified_gmt":"2025-11-28T18:08:36","slug":"abgelaufenes-angebot","status":"publish","type":"page","link":"https:\/\/evofitness.at\/de\/abgelaufenes-angebot\/","title":{"rendered":"Abgelaufenes Angebot"},"content":{"rendered":"\n<div style=\"height:60px\" aria-hidden=\"true\" class=\"wp-block-spacer\"><\/div>\n\n\n\n<div class=\"wp-block-group center--all background-blob background-blob--primary background-blob--top-right width--full has-global-padding is-layout-constrained wp-block-group-is-layout-constrained\">\n<h2 class=\"wp-block-heading\">Du hast es leider verpasst.<\/h2>\n\n\n\n<h2 class=\"wp-block-heading\">Dieses Angebot ist schon abgelaufen.<\/h2>\n\n\n\n<p>\u00dcberpr\u00fcfe unsere Homepage &#8211; vielleicht hast du Gl\u00fcck <br>und es ist ein anderes Angebot verf\u00fcgbar.<\/p>\n\n\n\n<div style=\"height:20px\" aria-hidden=\"true\" class=\"wp-block-spacer\"><\/div>\n\n\n\n<div class=\"wp-block-buttons is-layout-flex wp-block-buttons-is-layout-flex\">\n<div class=\"wp-block-button btn--outline btn--neutral\"><a class=\"wp-block-button__link wp-element-button\" href=\"https:\/\/evofitness.at\/de\/\">Zur Homepage gehen<\/a><\/div>\n<\/div>\n\n\n\n<p><\/p>\n<\/div>\n\n\n\n<div style=\"height:60px\" aria-hidden=\"true\" class=\"wp-block-spacer\"><\/div>\n\n\n\n<p><\/p>\n","protected":false},"excerpt":{"rendered":"<p>Du hast es leider verpasst. Dieses Angebot ist schon abgelaufen. \u00dcberpr\u00fcfe unsere Homepage &#8211; vielleicht hast du Gl\u00fcck und es&#8230;<\/p>\n","protected":false},"author":1,"featured_media":0,"parent":0,"menu_order":0,"comment_status":"closed","ping_status":"closed","template":"","meta":{"_acf_changed":false,"_seopress_robots_primary_cat":"","_seopress_titles_title":"Dieses Angebot ist abgelaufen | EVO Fitness","_seopress_titles_desc":"Du hast es leider verpasst. Dieses Angebot ist schon abgelaufen.","_seopress_robots_index":"yes","footnotes":""},"class_list":["post-4244","page","type-page","status-publish","hentry"],"acf":[],"_links":{"self":[{"href":"https:\/\/evofitness.at\/de\/wp-json\/wp\/v2\/pages\/4244","targetHints":{"allow":["GET"]}}],"collection":[{"href":"https:\/\/evofitness.at\/de\/wp-json\/wp\/v2\/pages"}],"about":[{"href":"https:\/\/evofitness.at\/de\/wp-json\/wp\/v2\/types\/page"}],"author":[{"embeddable":true,"href":"https:\/\/evofitness.at\/de\/wp-json\/wp\/v2\/users\/1"}],"replies":[{"embeddable":true,"href":"https:\/\/evofitness.at\/de\/wp-json\/wp\/v2\/comments?post=4244"}],"version-history":[{"count":7,"href":"https:\/\/evofitness.at\/de\/wp-json\/wp\/v2\/pages\/4244\/revisions"}],"predecessor-version":[{"id":56704,"href":"https:\/\/evofitness.at\/de\/wp-json\/wp\/v2\/pages\/4244\/revisions\/56704"}],"wp:attachment":[{"href":"https:\/\/evofitness.at\/de\/wp-json\/wp\/v2\/media?parent=4244"}],"curies":[{"name":"wp","href":"https:\/\/api.w.org\/{rel}","templated":true}]}}