{"id":385,"date":"2025-03-16T22:47:17","date_gmt":"2025-03-16T21:47:17","guid":{"rendered":"https:\/\/evofitness.at\/?page_id=385"},"modified":"2025-12-23T09:01:00","modified_gmt":"2025-12-23T08:01:00","slug":"membership-terms","status":"publish","type":"page","link":"https:\/\/evofitness.at\/en\/membership-terms\/","title":{"rendered":"Membership Terms"},"content":{"rendered":"\n<div class=\"wp-block-group background-blob background-blob--primary background-blob--bottom-right has-global-padding is-layout-constrained wp-block-group-is-layout-constrained\">\n<h1 class=\"wp-block-heading\">ALLGEMEINE <strong>MITGLIEDSCHAFTS-<\/strong> UND <strong>VERTRAGSBEDINGUNGEN<\/strong><\/h1>\n\n\n\n<div style=\"height:40px\" aria-hidden=\"true\" class=\"wp-block-spacer\"><\/div>\n<\/div>\n\n\n\n<div class=\"wp-block-group has-global-padding is-layout-constrained wp-block-group-is-layout-constrained\">\n<h2 class=\"wp-block-heading\">1.VERTRAGSABSCHLUSS<\/h2>\n\n\n\n<p>Diese Allgemeinen Gesch\u00e4ftsbedingungen sind Bestandteil des Mitgliedschaftsvertrages zwischen der Lifestyle Concept Austria GmbH (im folgenden \u201eEVO\u201c) und Ihnen, dem Mitglied. Die Mitgliedschaft bezieht sich auf alle \u00f6sterreichischen EVO Clubs.<\/p>\n\n\n\n<p>Das Mindestalter bei EVO betr\u00e4gt 18 Jahre. Auf Verlangen musst du sich ausweisen k\u00f6nnen. Sollte sich herausstellen, dass du j\u00fcnger als 18 Jahre alt bist, wird deine Mitgliedschaft mit sofortiger Wirkung beendet. Weder die Anmeldegeb\u00fchr noch bisher bezahlte Mitgliedsbeitr\u00e4ge werden in dem Fall erstattet.<\/p>\n\n\n\n<p>Ausnahmsweise k\u00f6nnen auch 16- und 17-J\u00e4hrige Mitglieder bei EVO werden. Die Mitgliedschaft muss im Beisein eines Erziehungsberechtigten im Club abgeschlossen werden.<\/p>\n\n\n\n<p>Eine Abtretung der Rechte oder sonstigen Verf\u00fcgungen \u00fcber die Rechte des Mitgliedes aus dem Vertrag ist ausgeschlossen. Das Mitglied darf das Armband nicht verleihen oder Dritten zur Benutzung \u00fcberlassen.<\/p>\n\n\n\n<p>Angebote von EVO sind auf der Internetseite <a href=\"https:\/\/evofitness.at\">evofitness.at<\/a> abrufbar. Der Mitgliedsvertrag mit EVO kommt durch Bet\u00e4tigung der \u201eJetzt Bezahlen\u201c \u2013Taste (Antrag) und die Annahme des Antrages durch EVO in Form der \u00dcbermittlung einer online Buchungsbest\u00e4tigung an das Mitglied g\u00fcltig zustande. Das Mitglied kann die Buchungsbest\u00e4tigung direkt danach speichern oder ausdrucken. Zu Informationszwecken erh\u00e4lt das Mitglied innerhalb von 24 Stunden eine automatisch generierte E-Mail mit der Buchungsbest\u00e4tigung mitsamt einer Zusammenfassung der Buchungsdaten sowie eine SMS mit dem Zugangscode f\u00fcr den Eintritt in den Club.<\/p>\n\n\n\n<h2 class=\"wp-block-heading\">2. MITGLIEDSCHAFT<\/h2>\n\n\n\n<h3 class=\"wp-block-heading\">MITGLIEDSCHAFT&nbsp;OHNE BINDUNG<\/h3>\n\n\n\n<p>Zentrales Produkt von EVO sind Mitgliedschaften ohne Bindung.<\/p>\n\n\n\n<p>Soweit nicht anders angegeben, beginnt die Mitgliedschaft am Tag Ihrer Anmeldung. Mit der Anmeldung wird Ihnen lediglich der Mitgliedsbeitrag f\u00fcr die verbleibenden Tage des laufenden Monats in Rechnung gestellt. Sofern es nicht anders angegeben ist, betr\u00e4gt der Mitgliedsbeitrag 64,90 EUR pro Monat.<\/p>\n\n\n\n<p>Sie k\u00f6nnen Ihre Mitgliedschaft jederzeit auf MyEVO k\u00fcndigen, abgesehen wenn Sie Ihre Mitgliedschaft pausiert haben (mehr \u00fcber die Pausierung ihrer Mitgliedschaft finden sie unter Punkt 5 \u201eVerwaltung der Mitgliedschaft\u201c). Ab der K\u00fcndigung bleibt Ihre Mitgliedschaft bis zum Ende des Folgemonats aktiv.*<\/p>\n\n\n\n<h3 class=\"wp-block-heading\">12-MONATIGE MITGLIEDSCHAFT<\/h3>\n\n\n\n<p>Ein weiteres Produkt von EVO ist die 12-monatige Mitgliedschaft.<\/p>\n\n\n\n<p>Soweit nicht anders angegeben, beginnt die Mitgliedschaft am Tag Ihrer Anmeldung. Mit der Anmeldung wird Ihnen lediglich der Mitgliedsbeitrag f\u00fcr die verbleibenden Tage des laufenden Monats in Rechnung gestellt. Sofern es nicht anders angegeben ist, betr\u00e4gt der Mitgliedsbeitrag 54,90 EUR pro Monat.<\/p>\n\n\n\n<p>Sie k\u00f6nnen Ihre Mitgliedschaft bis zum Ende des 9. Monats k\u00fcndigen. Nach der K\u00fcndigung bleibt Ihre Mitgliedschaft bis zum Ende des 12. Monats aktiv.<\/p>\n\n\n\n<p>Nach dem 9. Monat ist Ihre Mitgliedschaft, mit einer Frist von 3 Monaten, monatlich k\u00fcndbar.<\/p>\n\n\n\n<p>Bitte beachten sie, dass mit dem 1. Monat der Mitgliedschaft, der erste volle Kalendermonat gemeint ist.<\/p>\n\n\n\n<p>Wenn Sie Ihre 12-monatige Mitgliedschaft nicht gem\u00e4\u00df den oben beschriebenen Regeln k\u00fcndigen, werden Ihnen die verbliebenen Monate des Verpflichtungszeitraums in Rechnung gestellt.<\/p>\n\n\n\n<p>Dar\u00fcber hinaus kann der Vertrag von EVO aus wichtigem Grund mit sofortiger Wirkung aufgel\u00f6st werden. F\u00fcr EVO liegt ein wichtiger Grund insbesondere dann vor, wenn das Mitglied Einrichtungen des Clubs vors\u00e4tzlich oder grob fahrl\u00e4ssig besch\u00e4digt bzw. wiederholt gegen die an den einzelnen Einrichtungen (Ger\u00e4ten) angebrachten Anleitungen verst\u00f6\u00dft, die Sicherheit anderer Mitglieder gef\u00e4hrdet oder sich grob ungeb\u00fchrlich verh\u00e4lt, das Chip-Armband an Dritte \u00fcberl\u00e4sst.<\/p>\n\n\n\n<p>Wenn eine Mitgliedschaft seitens EVO aus wichtigem Grund mit sofortiger Wirkung beendet wird, wird das Mitglied automatisch aus allen EVO Clubs ausgeschlossen.<\/p>\n\n\n\n<h2 class=\"wp-block-heading\">3. GRATIS PROBETRAINING<\/h2>\n\n\n\n<p>Die Probezeit beginnt mit dem Absenden des Registrierungsformulars.<\/p>\n\n\n\n<p>Nach dem Absenden des Registrierungsformulars erhalten Sie eine SMS mit einem Zugangscode, womit Sie das EVO Fitnessstudio betreten k\u00f6nnen.<\/p>\n\n\n\n<p>Sie d\u00fcrfen sich nur einmal f\u00fcr ein kostenloses Probetraining registrieren.<\/p>\n\n\n\n<p>EVO bietet zwei verschiedene Arten von Probetraining an:<\/p>\n\n\n\n<ul class=\"wp-block-list\">\n<li>1-Tag Probetraining\n<ul class=\"wp-block-list\">\n<li>Sie d\u00fcrfen das EVO einmal in einem Zeitraum von 7 Tagen besuchen.<\/li>\n<\/ul>\n<\/li>\n\n\n\n<li>Probetraining f\u00fcr mehrere Tage\n<ul class=\"wp-block-list\">\n<li>Sie d\u00fcrfen das Fitnessstudio innerhalb des in der Registrierung angegebenen Zeitraums, so oft besuchen wie Sie m\u00f6chten.<\/li>\n\n\n\n<li>Falls Sie nicht das gratis Probetraining in MyEVO k\u00fcndigen, werden Sie automatisch zum ersten Tag nach der Probezeit ein aktives EVO Mitglied.<\/li>\n<\/ul>\n<\/li>\n<\/ul>\n\n\n\n<h2 class=\"wp-block-heading\">4. ZUTRITT UND BENUTZUNG DER CLUBS<\/h2>\n\n\n\n<p>Sie m\u00fcssen Ihren pers\u00f6nlichen Zugangs-Chip\/Armband im Studio stets bei sich haben. Nur so erlangen Sie Zutritt zum Studio. Sie k\u00f6nnen den Chip\/das Armband w\u00e4hrend einer unserer Einf\u00fchrungsstunden erhalten. Bitte holen Sie sich den EVO-Chip\/das EVO-Armband, bevor Ihr tempor\u00e4rer Zugangs-Code abl\u00e4uft. Bei Verlust oder Besch\u00e4digung wird eine Geb\u00fchr in H\u00f6he von 10 EUR f\u00fcr den Ersatz des Chips\/Armbands f\u00e4llig.<\/p>\n\n\n\n<p>Als Mitglied bei EVO k\u00f6nnen Sie in Ihrem bevorzugten Studio trainieren und in all unseren Studios in \u00d6sterreich. Eine \u00dcbersicht der Ihnen zur Verf\u00fcgung stehenden Studios finden Sie unter \u201eMyEVO\u201c unter dem Men\u00fcpunkt \u201eBevorzugtes Studio und Zug\u00e4nge\u201d.<\/p>\n\n\n\n<p>Die Mitgliedschaft bei EVO ist pers\u00f6nlich und andere Personen d\u00fcrfen Ihren Zugangschip nicht nutzen. Sollten zwei Personen mit demselben Chip\/Armband das Studio betreten oder verlassen, wird eine am Eingang installierte Videokamera aktiviert und der Sicherheitsdienst benachrichtigt. In dem Fall kann die Mitgliedschaft ohne Vorank\u00fcndigung beendet werden, ohne dass die Anmeldegeb\u00fchr oder bisher bezahlte Mitgliedsbeitr\u00e4ge erstattet werden.<\/p>\n\n\n\n<p>Das Mitglied verpflichtet sich, die Einrichtungen und Ausstattungen der EVO Clubs sorgsam zu benutzen. F\u00fcr vom Mitglied verursachte Besch\u00e4digungen ist Schadensersatz gem\u00e4\u00df den gesetzlichen Bestimmungen zu leisten.<\/p>\n\n\n\n<p>Das Training in Stra\u00dfenschuhen ist untersagt. Beim Training sind entweder saubere Trainingsschuhe zu tragen oder es kann auch barfu\u00df oder in Socken trainiert werden.<\/p>\n\n\n\n<h2 class=\"wp-block-heading\">5. VERWALTUNG DER MITGLIEDSCHAFT<\/h2>\n\n\n\n<p>Als Mitglied bei EVO verwalten Sie Ihre Mitgliedschaft selbst online unter \u201eMyEVO\u201c. Das bedeutet, dass Sie sich einloggen m\u00fcssen, wenn Sie pers\u00f6nliche Angaben, Ihr bevorzugtes Studio, oder Zahlungsdaten \u00e4ndern wollen, Ihre Mitgliedschaft pausieren lassen oder k\u00fcndigen wollen, etc. Bei der K\u00fcndigung Ihrer Mitgliedschaft erhalten Sie eine Best\u00e4tigung der K\u00fcndigung per E-Mail.<\/p>\n\n\n\n<p>Sie k\u00f6nnen Ihre Mitgliedschaft f\u00fcr bis zu 3 Monate pro Kalenderjahr pausieren.** Die Pause kostet 10,-EUR pro Monat und muss im Monat vor Beginn der gew\u00fcnschten Pause durchgef\u00fchrt werden. Beachten Sie, dass eine Mitgliedschaft w\u00e4hrend einer Pausierung nicht gek\u00fcndigt werden kann. Wenn Sie eine 12-monatige Mitgliedschaft pausieren, verl\u00e4ngert sich die Bindungszeit der Mitgliedschaft um die Anzahl der pausierten Monate.<\/p>\n\n\n\n<p>Sie sind verpflichtet Ihre Mitgliedschaftsdaten stets auf dem aktuellen Stand halten. Dies erfolgt \u00fcber \u201eMyEVO\u201d. EVO haftet nicht f\u00fcr Fehler der von Ihnen eingegebenen Mitgliedsangaben.<\/p>\n\n\n\n<p>Jeglicher Kontakt im Hinblick auf Ihre Mitgliedschaft wird an \u201eKontaktiere uns\u201d unter \u201eMyEVO\u201c gerichtet. Als Mitglied haben Sie hierzu Zugang.<\/p>\n\n\n\n<h2 class=\"wp-block-heading\">6. BEZAHLUNG \/ AUFNAHME- UND TRAININGSGEB\u00dcHR<\/h2>\n\n\n\n<p>Die gem\u00e4\u00df dem Mitgliedsvertrag einmalig zu leistende Aufnahmegeb\u00fchr und die erste ggfs. anteilige monatliche Trainingsgeb\u00fchr sind nach Erhalt der Buchungsbest\u00e4tigung f\u00e4llig und vom Mitglied per Kreditkarteneinzug zu bezahlen.<\/p>\n\n\n\n<p>Die darauffolgenden monatlichen Trainingsgeb\u00fchren werden der H\u00f6he nach ebenfalls im Mitgliedschaftsvertrag festgelegt und sind jeweils am ersten Werktag des Kalendermonats im Voraus f\u00e4llig. Die Bezahlung durch das Mitglied erfolgt mittels Kreditkarte.<\/p>\n\n\n\n<p>Als Mitglied bei EVO erkl\u00e4ren Sie sich damit einverstanden, dass Ihre Kreditkarte\/Debitkarte bzw. ihr Konto per Lastschriftverfahren jeweils am ersten eines Monats mit dem Mitgliedsbeitrag belastet wird. Sie tragen die Verantwortung daf\u00fcr, dass Ihre Zahlungsdaten jederzeit aktuell sind. Beispielsweise m\u00fcssen Sie sicherstellen, dass Ihre Kreditkarte bzw. Bankverbindung jederzeit g\u00fcltig ist. Sie k\u00f6nnen Ihre Zahlungsdaten unter \u201eMyEVO\u201c \u00e4ndern. Bestehen die Probleme weiter, kontaktieren Sie bitte unseren Support unter \u201eKontaktiere uns\u201c auch auf \u201eMyEVO\u201c.<\/p>\n\n\n\n<p>Sollten die Einschreibegeb\u00fchr oder der jeweilige Mitgliedsbeitrag nicht innerhalb von 10 Tagen ab F\u00e4lligkeit auf dem Konto von bzw. bei EVO einlangen, ist EVO berechtigt, dem Mitglied den Zutritt zum Club bis zur erfolgten Zahlung zu verwehren.<\/p>\n\n\n\n<p>EVO ist bei Zahlungsverzug weiters berechtigt, Verzugszinsen in H\u00f6he von 4 % p.a. zu verrechnen. Ferner k\u00f6nnen f\u00fcr jede Mahnung die angefallenen Bearbeitungsgeb\u00fchren in H\u00f6he von 10,-EUR und dar\u00fcber hinaus alle angefallenen und zur zweckentsprechenden Rechtsverfolgung notwendigen Inkassospesen sowie Rechtsverfolgungskosten in Rechnung gestellt werden, soweit diese in angemessenem Verh\u00e4ltnis zur betriebenen Forderung stehen. \u00dcberdies ist EVO berechtigt, wenn das Mitglied mit zwei monatlichen Mitgliederbeitr\u00e4gen oder einem gleichwertigen Betrag in Zahlungsverzug ger\u00e4t, nach erfolgloser Mahnung und Setzung einer Nachfrist den Mitgliedschaftsvertrag mit sofortiger Wirkung aufzul\u00f6sen.<\/p>\n\n\n\n<h2 class=\"wp-block-heading\">7. WERTSICHERUNG<\/h2>\n\n\n\n<p>Es wird die Wertbest\u00e4ndigkeit des Mitgliedsbeitrags vereinbart. Als Ma\u00df zur Berechnung der Wertbest\u00e4ndigkeit dient der von Statistik Austria monatlich verlautbarte Verbraucherpreisindex 2015 (Basisjahr 2015) oder ein an seine Stelle tretender Index. EVO beh\u00e4lt sich das Recht vor, die Mitgliedsbeitr\u00e4ge j\u00e4hrlich einer \u00dcberpr\u00fcfung zu unterziehen und diese entsprechend der Ver\u00e4nderung der f\u00fcr das vorangehende Kalenderjahr ver\u00f6ffentlichten, jedoch mindestens 2 Monate nach Vertragsabschluss liegenden Indexzahl anzupassen. Sofern der Verbraucherpreisindex sinkt, verpflichtet sich EVO die Mitgliedsbeitr\u00e4ge entsprechend zu senken. EVO wird allf\u00e4llige Erh\u00f6hungen bzw. Verringerungen rechtzeitig im Vorhinein bekanntgeben. Die Nichtaus\u00fcbung des Rechts auf Wertanpassung stellt keinen Verzicht auf eine Wertanpassung dar.<\/p>\n\n\n\n<h2 class=\"wp-block-heading\">8. WIEDERRUFSRECHT \/ WIEDERRUFSBELERHRUNG<\/h2>\n\n\n\n<p>Sie haben das Recht, binnen vierzehn Tagen ohne Angabe von Gr\u00fcnden diesen Vertrag zu widerrufen. Die Widerrufsfrist betr\u00e4gt vierzehn Tage ab dem Tag des Vertragsschlusses. Um das Widerrufsrecht auszu\u00fcben, m\u00fcssen Sie die Lifestyle Concept Austria GmbH per E-Mail unter <a href=\"mailto:info@evofitness.de\">info@evofitness.at<\/a> mittels einer eindeutigen Erkl\u00e4rung \u00fcber Ihren Entschluss, diesen Vertrag zu widerrufen, informieren. Sie k\u00f6nnen daf\u00fcr das beigef\u00fcgte Muster-Widerrufsformular verwenden, das jedoch nicht vorgeschrieben ist. Zur Wahrung der Widerrufsfrist reicht es aus, dass Sie die Mitteilung \u00fcber die Aus\u00fcbung des Widerrufsrechts vor Ablauf der Widerrufsfrist absenden.<\/p>\n\n\n\n<h3 class=\"wp-block-heading\">FOLGEN DES WIDERRUFS<\/h3>\n\n\n\n<p>Im Falle des rechtzeitigen Widerrufes durch Sie erhalten Sie Ihre bereits geleistete Aufnahmegeb\u00fchr und Trainingsgeb\u00fchr unverz\u00fcglich und sp\u00e4testens binnen vierzehn Tagen ab dem Tag, an dem die Mitteilung \u00fcber den Widerruf des Vertrags bei EVO eingegangen ist, zur\u00fcck. F\u00fcr diese R\u00fcckzahlung wird dasselbe Zahlungsmittel, das bei der urspr\u00fcnglichen Transaktion eingesetzt wurde, verwendet. In keinem Fall werden wegen dieser R\u00fcckzahlung Entgelte berechnet. Haben Sie verlangt, dass die Dienstleistung w\u00e4hrend der Widerrufsfrist beginnen soll, so haben Sie einen angemessenen Betrag zu zahlen, der dem Anteil der bis zu dem Zeitpunkt, zu dem EVO von der Aus\u00fcbung des Widerrufsrechts hinsichtlich dieses Vertrags unterrichtet wurde, bereits erbrachten Dienstleistungen im Vergleich zum Gesamtumfang der im Vertrag vorgesehenen Dienstleistungen entspricht.<\/p>\n\n\n\n<h3 class=\"wp-block-heading\">MUSTER-WIDERRUFSFORMULAR<\/h3>\n\n\n\n<p>Wenn Sie den Vertrag widerrufen wollen, dann k\u00f6nnen Sie dieses Formular benutzen und an senden an: <a href=\"mailto:info@evofitness.at\">info@evofitness.at<\/a><\/p>\n\n\n\n<p>Hiermit widerrufe(n) ich den von mir abgeschlossenen Vertrag \u00fcber die<\/p>\n\n\n\n<p>Erbringung der folgenden Dienstleistung\u2026\u2026\u2026\u2026\u2026\u2026\u2026\u2026\u2026\u2026\u2026\u2026\u2026\u2026\u2026\u2026\u2026\u2026\u2026\u2026\u2026\u2026\u2026\u2026\u2026\u2026<\/p>\n\n\n\n<p>Bestellt am\/Erhalten am \u2026\u2026\u2026\u2026\u2026\u2026\u2026\u2026\u2026\u2026\u2026\u2026\u2026\u2026\u2026\u2026\u2026\u2026\u2026\u2026\u2026\u2026\u2026\u2026\u2026\u2026\u2026\u2026\u2026\u2026\u2026\u2026\u2026\u2026..<\/p>\n\n\n\n<p>Name des Mitglieds\u2026\u2026\u2026\u2026\u2026\u2026\u2026\u2026\u2026\u2026\u2026\u2026\u2026\u2026\u2026\u2026\u2026\u2026\u2026\u2026\u2026\u2026\u2026\u2026\u2026\u2026&#8230;&#8230;&#8230;&#8230;&#8230;&#8230;&#8230;&#8230;&#8230;&#8230;&#8230;..<\/p>\n\n\n\n<p>Anschrift des Mitglieds \u2026\u2026\u2026\u2026\u2026\u2026\u2026\u2026\u2026\u2026\u2026\u2026\u2026\u2026\u2026\u2026\u2026\u2026\u2026\u2026\u2026\u2026\u2026\u2026\u2026\u2026\u2026\u2026\u2026\u2026\u2026\u2026\u2026\u2026&#8230;.<\/p>\n\n\n\n<p>\u2026\u2026\u2026\u2026\u2026\u2026\u2026\u2026\u2026\u2026\u2026\u2026\u2026\u2026\u2026\u2026\u2026\u2026\u2026\u2026\u2026\u2026\u2026\u2026\u2026\u2026\u2026\u2026\u2026\u2026\u2026\u2026\u2026..\u2026&#8230;&#8230;&#8230;&#8230;&#8230;&#8230;&#8230;&#8230;&#8230;&#8230;&#8230;&#8230;&#8230;..<\/p>\n\n\n\n<p>Datum (tt.mm.jjjj) \u2026\u2026\u2026\u2026\u2026\u2026\u2026\u2026\u2026..<\/p>\n\n\n\n<h2 class=\"wp-block-heading\">9. SICHERHEIT UND VERHALTENSREGELN<\/h2>\n\n\n\n<p>Als Mitglied bei EVO sollten Sie sich mit dem Sicherheitsplan in Ihrem genutzten Studio vertraut machen. Der Sicherheitsplan ist eine Grundrisszeichnung des Studios mit Informationen \u00fcber Notausg\u00e4nge, Feuerl\u00f6scher, Rufstation, Erste-Hilfe-K\u00e4sten und dar\u00fcber, wie Sie sich in den verschiedenen m\u00f6glicherweise im Studio eintretenden Notf\u00e4llen verhalten sollten.<\/p>\n\n\n\n<p>Das Training bei EVO erfolgt auf eigene Verantwortung. Zudem tragen Sie die Verantwortung f\u00fcr pers\u00f6nliche Gegenst\u00e4nde, die Sie mit ins Studio bringen. W\u00e4hrend des Trainings sollten pers\u00f6nliche Gegenst\u00e4nde im Schlie\u00dffach aufbewahrt werden; Wertsachen sollten Sie bei sich tragen.<\/p>\n\n\n\n<p>Als Mitglied bei EVO verpflichten Sie sich, die jeweils geltenden rechtm\u00e4\u00dfigen und erforderlichen Verhaltens- und Sicherheitsregeln jederzeit einzuhalten. Diese k\u00f6nnen Sie in jedem Studio einsehen.<\/p>\n\n\n\n<h3 class=\"wp-block-heading\">VIDEO\u00dcBERWACHUNG, DATENSCHUTZ<\/h3>\n\n\n\n<p>Das Mitglied wird ausdr\u00fccklich darauf hingewiesen und nimmt zur Kenntnis, dass der Eingangsbereich und die Trainingsbereiche des Clubs mittels Videokameras \u00fcberwacht werden. Die Video\u00fcberwachung dient der Erf\u00fcllung rechtlicher Sorgfaltspflichten einschlie\u00dflich dem Eigentumsschutz sowie der Verhinderung und Aufkl\u00e4rung von Rechtsverletzungen und Straftaten. Die Daten der Video\u00fcberwachung werden von dem Sicherheitsunternehmen NOKAS Secure Solutions AS als Dienstleister f\u00fcr die Dauer von 72 Stunden gespeichert. Eine Auswertung der Daten erfolgt nur in einem oben genannten Anlassfall.<\/p>\n\n\n\n<h2 class=\"wp-block-heading\">10. HAFTUNG UND HAFTUNGSBESCHR\u00c4NKUNG<\/h2>\n\n\n\n<p>EVO haftet im Falle der Verletzung von Leben, K\u00f6rper oder Gesundheit f\u00fcr Vorsatz und grobe und einfache Fahrl\u00e4ssigkeit. F\u00fcr sonstige Sch\u00e4den haftet EVO nur bei grobem Verschulden oder Vorsatz und im Falle der fahrl\u00e4ssigen Verletzung wesentlicher Vertragspflichten seiner gesetzlichen Vertreter oder Erf\u00fcllungsgehilfen.<\/p>\n\n\n\n<p>EVO stellt Schr\u00e4nke zur Verf\u00fcgung. Diese werden nicht beaufsichtigt. Sie sind f\u00fcr den Tagesgebrauch vorgesehen und unbedingt am gleichen Tag zu r\u00e4umen.<\/p>\n\n\n\n<p>Das Mitglied ist f\u00fcr die ordnungsgem\u00e4\u00dfe Verwahrung der in den Club mitgebrachten Sachen selbst verantwortlich. Das Mitglied verpflichtet sich daher seine pers\u00f6nlichen Sachen in den Garderobek\u00e4sten zu versperren und nicht unbeaufsichtigt im Club zu lassen. EVO haftet nicht f\u00fcr abhandengekommene oder besch\u00e4digte Sachen (Geldbetr\u00e4ge, Wertgegenst\u00e4nde, etc.), die nicht ordnungsgem\u00e4\u00df in den Garderobek\u00e4sten versperrt wurden. Die Haftung f\u00fcr ordnungsgem\u00e4\u00df eingebrachte Wertgegenst\u00e4nde ist mit EUR 550,&#8211; begrenzt. Das Mitglied wird gebeten sich pers\u00f6nlich um den Versicherungsschutz der pers\u00f6nlichen Gegenst\u00e4nde (z.B. durch Abschluss einer eigenen Haushaltsversicherung, etc.) zu k\u00fcmmern.<\/p>\n\n\n\n<h2 class=\"wp-block-heading\">11. \u00c4NDERUNGEN DER CLUBANGEBOTE UND \u00d6FFNUNGSZEITEN<\/h2>\n\n\n\n<p>EVO beh\u00e4lt sich das Recht vor, die AGB von Zeit zu Zeit abzu\u00e4ndern, sofern die \u00c4nderungen nicht vertragliche Hauptleistungspflichten betreffen. Die \u00c4nderungen der AGB werden f\u00fcr das Mitglied erst dann wirksam, wenn das Mitglied diesen zugestimmt hat. Zu diesem Zweck wird EVO das Mitglied rechtzeitig vor dem In-Kraft-Treten der geplanten \u00c4nderungen in geeigneter Form dar\u00fcber informieren. Die Information kann auch per E-Mail erfolgen. Sofern dazu nicht bereits eine ausdr\u00fcckliche Zustimmung durch das Mitglied erfolgt, gilt die Zustimmung zu den \u00c4nderungen dann als erteilt, wenn das Mitglied nicht binnen vier Wochen ab Zugang schriftlich oder per E-Mail widerspricht. Widerspricht das Mitglied fristgerecht den \u00c4nderungen, endet das Vertragsverh\u00e4ltnis nach einer Frist von 2 Monaten, gerechnet ab dem Zugang des Widerspruchs, zum Monatsletzten. EVO wird das Mitglied gesondert auf diese Fristen sowie \u00fcber die Bedeutung und die Folgen seines Verhaltens hinweisen, insbesondere auf den Umstand, dass die Zustimmung zu den \u00c4nderungen mangels rechtzeitigen Widerspruchs als erteilt gilt bzw. dass bei Widerspruch die vorgenannten Beendigungsfolgen eintreten.<\/p>\n\n\n\n<p>EVO informiert laufend \u00fcber \u00d6ffnungszeiten und das Leitungsangebot der Clubs, insbesondere auf der Webseite <a href=\"https:\/\/evofitness.at\">evofitness.at<\/a>. Die \u00d6ffnungszeiten k\u00f6nnen- soweit erforderlich und zumutbar- verl\u00e4ngert oder verk\u00fcrzt werden, z.B. im Falle von Feiertagen, aufgrund von Revisionen, Renovierungs- oder Reinigungsarbeiten oder Sperrungen von R\u00e4umlichkeiten. EVO wird Ver\u00e4nderungen der \u00d6ffnungszeiten oder Sperrungen von R\u00e4umlichkeiten unter Einhaltung einer angemessenen Frist ank\u00fcndigen.<\/p>\n\n\n\n<h2 class=\"wp-block-heading\">12. ANTI-DOPING POLICY<\/h2>\n\n\n\n<p>EVO legt Wert auf eine saubere und gesunde Trainingsumgebung und toleriert kein Doping bei seinen Mitgliedern. Die Doping-Liste f\u00fcr Trainingscenter k\u00f6nnen Sie jederzeit unter <a href=\"http:\/\/www.nada.at\">nada.at<\/a> einsehen.<\/p>\n\n\n\n<h2 class=\"wp-block-heading\">13. DATENSCHUTZ<\/h2>\n\n\n\n<p>Als Mitglied bei EVO erkl\u00e4ren Sie sich mit der Erhebung, Speicherung und Verarbeitung Ihrer personenbezogenen Daten durch EVO einverstanden. Ihre Daten werden nach Vertragsschluss in unserem Mitgliedersystem gespeichert. Wir nutzen diese ausschlie\u00dflich zur Begr\u00fcndung, Durchf\u00fchrung und Abwicklung Ihrer Mitgliedschaft. Diese Nutzung erfolgt, um die Kundenbeziehung zu verwalten, unser digitales Trainings-Tagebuch (\u201eMyEVO\u201c) zu erm\u00f6glichen und unser Trainings-Paket und die \u00d6ffnungszeiten zu optimieren. In diesem Zusammenhang erheben und verarbeiten wir Ihre pers\u00f6nlichen Daten und speichern die Zeiten, in denen Sie Ihren pers\u00f6nlichen Zugangs-Chip in unseren Studios registriert haben.<\/p>\n\n\n\n<p>Sie erhalten von uns Angebote zu \u00e4hnlichen Waren oder Dienstleistungen an Ihre angegebene E-Mailadresse. Dieser Nutzung kann jederzeit widersprochen werden, indem Sie auf \u201eMyEVO\u201d \u00fcber folgenden Link ihre Angaben aktualisieren: <a href=\"https:\/\/me.evofitness.at\/\">me.evofitness.at<\/a> (\u201ePers\u00f6nliche Informationen\u201c &gt; \u201ekeine Informationen senden\u201c).<\/p>\n\n\n\n<p>Wir speichern Ihre personenbezogenen Daten f\u00fcr die Dauer Ihrer Mitgliedschaft bei EVO und danach f\u00fcr weitere 3 Monate. Abweichend davon werden statistische Daten \u00fcber Ihre Studio-Besuche jedoch f\u00fcr die Dauer von 1 Jahr gespeichert und danach anonymisiert. Vertragsdaten werden gem\u00e4\u00df der gesetzlichen Aufbewahrungsfrist von Buchhaltungs- und Steuerunterlagen aufbewahrt.<\/p>\n\n\n\n<p>Als Mitglied haben Sie Anspruch auf Transparenz Ihrer personenbezogenen Daten sowie auf Berichtigung und Erg\u00e4nzung der Daten. Da die Mitteilung personenbezogener Daten freiwillig ist, k\u00f6nnen Sie Ihre Einwilligung jederzeit widerrufen, es sei denn, die rechtlichen Umst\u00e4nde gestatten oder verlangen die Speicherung solcher Daten (wie f\u00fcr die Verwaltung der Kundenbeziehung). Verantwortlich f\u00fcr die Aufbewahrung personenbezogener Daten ist die Lifestyle Concept Austria GmbH. Richten Sie jeglichen Kontakt bitte an <a href=\"mailto:s.meyzis@itdsb.de\">s.meyzis@itdsb.de<\/a>.<\/p>\n\n\n\n<p>Ohne Ihre Einwilligung werden wir Ihre personenbezogenen Daten nicht an andere \u00fcbermitteln. Etwas anderes gilt nur f\u00fcr Inkasso- und buchhalterische Zwecke sowie gegen\u00fcber Credlock Systems AS und Nokas, die f\u00fcr die Video\u00fcberwachung unserer Fitness-Studios zust\u00e4ndig sind.<\/p>\n\n\n\n<p>Weitere Informationen \u00fcber den Umgang mit personenbezogenen Daten bei EVO finden Sie hier: <a href=\"https:\/\/evofitness.at\/datenschutzerklarung\/\">Datenschutzerkl\u00e4rung<\/a>.<\/p>\n\n\n\n<h2 class=\"wp-block-heading\">14. ANZUWENDENDES RECHT UND GERICHTSSTAND<\/h2>\n\n\n\n<p>Dieser Vertrag unterliegt \u00f6sterreichischem Recht. F\u00fcr Klagen gegen ein Mitglied, das als Verbraucher im Sinne des KSchG einzustufen ist, gilt der Gerichtsstand als vereinbart, in dessen Sprengel der Wohnsitz, der gew\u00f6hnliche Aufenthalt oder der Besch\u00e4ftigungsort des Verbrauchers liegt. F\u00fcr Klagen gegen ein Mitglied, dass nicht als Verbraucher im Sinne des KSchG einzustufen ist, sowie f\u00fcr Klagen gegen EVO gilt das \u00f6rtlich und sachlich zust\u00e4ndige Gericht in Wien als vereinbart.<\/p>\n\n\n\n<p>* Wenn Sie Ihre Mitgliedschaft vor dem 01.10.2019 abgeschlossen haben, wird Ihre Mitgliedschaft nach K\u00fcndigung bis zum Ende des laufenden Monats noch aktiv sein.<\/p>\n\n\n\n<p>** Wenn Sie Ihre Mitgliedschaft vor dem 05.06.2020 abgeschlossen haben, k\u00f6nnen Sie Ihre Mitgliedschaft f\u00fcr bis zu 6 Monate innerhalb von einem Kalenderjahr pausieren. Das kostet 10,-EUR pro Monat.<\/p>\n<\/div>\n","protected":false},"excerpt":{"rendered":"<p>ALLGEMEINE MITGLIEDSCHAFTS- UND VERTRAGSBEDINGUNGEN 1.VERTRAGSABSCHLUSS Diese Allgemeinen Gesch\u00e4ftsbedingungen sind Bestandteil des Mitgliedschaftsvertrages zwischen der Lifestyle Concept Austria GmbH (im folgenden&#8230;<\/p>\n","protected":false},"author":1,"featured_media":0,"parent":0,"menu_order":0,"comment_status":"closed","ping_status":"closed","template":"","meta":{"_acf_changed":false,"_seopress_robots_primary_cat":"","_seopress_titles_title":"","_seopress_titles_desc":"","_seopress_robots_index":"yes","footnotes":""},"hf_cat_page":[1543],"class_list":["post-385","page","type-page","status-publish","hentry"],"acf":[],"_links":{"self":[{"href":"https:\/\/evofitness.at\/en\/wp-json\/wp\/v2\/pages\/385","targetHints":{"allow":["GET"]}}],"collection":[{"href":"https:\/\/evofitness.at\/en\/wp-json\/wp\/v2\/pages"}],"about":[{"href":"https:\/\/evofitness.at\/en\/wp-json\/wp\/v2\/types\/page"}],"author":[{"embeddable":true,"href":"https:\/\/evofitness.at\/en\/wp-json\/wp\/v2\/users\/1"}],"replies":[{"embeddable":true,"href":"https:\/\/evofitness.at\/en\/wp-json\/wp\/v2\/comments?post=385"}],"version-history":[{"count":20,"href":"https:\/\/evofitness.at\/en\/wp-json\/wp\/v2\/pages\/385\/revisions"}],"predecessor-version":[{"id":56862,"href":"https:\/\/evofitness.at\/en\/wp-json\/wp\/v2\/pages\/385\/revisions\/56862"}],"wp:attachment":[{"href":"https:\/\/evofitness.at\/en\/wp-json\/wp\/v2\/media?parent=385"}],"wp:term":[{"taxonomy":"hf_cat_page","embeddable":true,"href":"https:\/\/evofitness.at\/en\/wp-json\/wp\/v2\/hf_cat_page?post=385"}],"curies":[{"name":"wp","href":"https:\/\/api.w.org\/{rel}","templated":true}]}}